{"id":14366,"date":"2022-04-28T15:14:10","date_gmt":"2022-04-28T13:14:10","guid":{"rendered":"https:\/\/clickpark.org\/?page_id=14366"},"modified":"2026-03-12T13:38:42","modified_gmt":"2026-03-12T12:38:42","slug":"parkovaci-system-kascomp","status":"publish","type":"page","link":"https:\/\/clickpark.org\/?page_id=14366","title":{"rendered":"Parkovac\u00ed syst\u00e9m KasComp"},"content":{"rendered":"<div class=\"fusion-fullwidth fullwidth-box fusion-builder-row-1 fusion-flex-container nonhundred-percent-fullwidth non-hundred-percent-height-scrolling\" style=\"--awb-border-radius-top-left:0px;--awb-border-radius-top-right:0px;--awb-border-radius-bottom-right:0px;--awb-border-radius-bottom-left:0px;--awb-flex-wrap:wrap;\" ><div class=\"fusion-builder-row fusion-row fusion-flex-align-items-flex-start fusion-flex-content-wrap\" style=\"max-width:calc( 1200px + 0px );margin-left: calc(-0px \/ 2 );margin-right: calc(-0px \/ 2 );\"><div class=\"fusion-layout-column fusion_builder_column fusion-builder-column-0 fusion_builder_column_1_3 1_3 fusion-flex-column\" style=\"--awb-bg-size:cover;--awb-width-large:33.333333333333%;--awb-margin-top-large:0px;--awb-spacing-right-large:0px;--awb-margin-bottom-large:20px;--awb-spacing-left-large:0px;--awb-width-medium:33.333333333333%;--awb-order-medium:0;--awb-spacing-right-medium:0px;--awb-spacing-left-medium:0px;--awb-width-small:100%;--awb-order-small:0;--awb-spacing-right-small:0px;--awb-spacing-left-small:0px;\"><div class=\"fusion-column-wrapper fusion-column-has-shadow fusion-flex-justify-content-flex-start fusion-content-layout-column\"><div class=\"fusion-image-element \" style=\"--awb-caption-title-font-family:var(--h2_typography-font-family);--awb-caption-title-font-weight:var(--h2_typography-font-weight);--awb-caption-title-font-style:var(--h2_typography-font-style);--awb-caption-title-size:var(--h2_typography-font-size);--awb-caption-title-transform:var(--h2_typography-text-transform);--awb-caption-title-line-height:var(--h2_typography-line-height);--awb-caption-title-letter-spacing:var(--h2_typography-letter-spacing);\"><span class=\" fusion-imageframe imageframe-none imageframe-1 hover-type-none\"><img decoding=\"async\" width=\"300\" height=\"120\" title=\"KasComp_logo\" src=\"https:\/\/clickpark.org\/wp-content\/uploads\/2022\/04\/KasComp_logo-e1651499855925.png\" alt class=\"img-responsive wp-image-14369\"\/><\/span><\/div><\/div><\/div><div class=\"fusion-layout-column fusion_builder_column fusion-builder-column-1 fusion_builder_column_2_3 2_3 fusion-flex-column\" style=\"--awb-bg-size:cover;--awb-width-large:66.666666666667%;--awb-margin-top-large:0px;--awb-spacing-right-large:0px;--awb-margin-bottom-large:20px;--awb-spacing-left-large:0px;--awb-width-medium:66.666666666667%;--awb-order-medium:0;--awb-spacing-right-medium:0px;--awb-spacing-left-medium:0px;--awb-width-small:100%;--awb-order-small:0;--awb-spacing-right-small:0px;--awb-spacing-left-small:0px;\"><div class=\"fusion-column-wrapper fusion-column-has-shadow fusion-flex-justify-content-flex-start fusion-content-layout-column\"><\/div><\/div><div class=\"fusion-layout-column fusion_builder_column fusion-builder-column-2 fusion_builder_column_1_1 1_1 fusion-flex-column\" style=\"--awb-bg-size:cover;--awb-width-large:100%;--awb-margin-top-large:0px;--awb-spacing-right-large:0px;--awb-margin-bottom-large:0px;--awb-spacing-left-large:0px;--awb-width-medium:100%;--awb-spacing-right-medium:0px;--awb-spacing-left-medium:0px;--awb-width-small:100%;--awb-spacing-right-small:0px;--awb-spacing-left-small:0px;\"><div class=\"fusion-column-wrapper fusion-flex-justify-content-flex-start fusion-content-layout-column\"><div class=\"fusion-text fusion-text-1\"><p>Parkovac\u00ed syst\u00e9my KasComp jsou schopny <span class=\"VIiyi\" lang=\"cs\"><span class=\"JLqJ4b ChMk0b\" data-language-for-alternatives=\"cs\" data-language-to-translate-into=\"sk\" data-phrase-index=\"0\" data-number-of-phrases=\"3\"><span class=\"Q4iAWc\">pokr\u00fdt pot\u0159eby ka\u017ed\u00e9ho provozu od jednoduch\u00e9 vyhrazen\u00e9 parkovac\u00ed plochy a\u017e po slo\u017eit\u00e9 parkov\u00e1n\u00ed velk\u00fdch komplex\u016f.<\/span><\/span> <span class=\"JLqJ4b ChMk0b\" data-language-for-alternatives=\"cs\" data-language-to-translate-into=\"sk\" data-phrase-index=\"1\" data-number-of-phrases=\"3\"><span class=\"Q4iAWc\">V z\u00e1vislosti na pot\u0159eb\u011b provozovatele je mo\u017en\u00e9 syst\u00e9m upravit na m\u00edru a tak dos\u00e1hnout i cenov\u00e9 dostupnosti parkovac\u00edho syst\u00e9mu.<\/span><\/span> <span class=\"JLqJ4b ChMk0b\" data-language-for-alternatives=\"cs\" data-language-to-translate-into=\"sk\" data-phrase-index=\"2\" data-number-of-phrases=\"3\"><span class=\"Q4iAWc\">V\u00fdhodou je jeho spolehlivost a stabilita, stejn\u011b jako otev\u0159enost a roz\u0161i\u0159ovatelnost, tak\u017ee pokud se zm\u011bn\u00ed pot\u0159eby provozovatele, lze syst\u00e9m snadno roz\u0161\u00ed\u0159it o nov\u00e1 za\u0159\u00edzen\u00ed, v\u010detn\u011b mo\u017enosti \u00faprav a propojen\u00ed na software t\u0159et\u00edch stran.<\/span><\/span><\/span><\/p>\n<\/div><div class=\"fusion-content-boxes content-boxes columns row fusion-columns-1 fusion-columns-total-0 fusion-content-boxes-1 content-boxes-icon-with-title content-left\" style=\"--awb-hover-accent-color:#65bc7b;--awb-circle-hover-accent-color:#65bc7b;--awb-item-margin-bottom:40px;\" data-animationOffset=\"top-into-view\"><div class=\"fusion-clearfix\"><\/div><\/div><div class=\"awb-gallery-wrapper awb-gallery-wrapper-1 button-span-no\"><div style=\"margin:-5px;--awb-bordersize:0px;\" class=\"fusion-gallery fusion-gallery-container fusion-grid-3 fusion-columns-total-5 fusion-gallery-layout-grid fusion-gallery-1\"><div style=\"padding:5px;\" class=\"fusion-grid-column fusion-gallery-column fusion-gallery-column-3 hover-type-none\"><div class=\"fusion-gallery-image\"><a href=\"https:\/\/clickpark.org\/wp-content\/uploads\/2022\/04\/KasComp_pokladny.jpg\" rel=\"noreferrer\" data-rel=\"iLightbox[gallery_image_1]\" class=\"fusion-lightbox\" target=\"_self\"><img decoding=\"async\" src=\"https:\/\/clickpark.org\/wp-content\/uploads\/2022\/04\/KasComp_pokladny.jpg\" width=\"183\" height=\"293\" alt=\"\" title=\"KasComp_pokladny\" aria-label=\"KasComp_pokladny\" class=\"img-responsive wp-image-14376\"  \/><\/a><\/div><\/div><div style=\"padding:5px;\" class=\"fusion-grid-column fusion-gallery-column fusion-gallery-column-3 hover-type-none\"><div class=\"fusion-gallery-image\"><a href=\"https:\/\/clickpark.org\/wp-content\/uploads\/2022\/04\/KasComp_terminal.jpg\" rel=\"noreferrer\" data-rel=\"iLightbox[gallery_image_1]\" class=\"fusion-lightbox\" target=\"_self\"><img decoding=\"async\" src=\"https:\/\/clickpark.org\/wp-content\/uploads\/2022\/04\/KasComp_terminal.jpg\" width=\"355\" height=\"142\" alt=\"\" title=\"KasComp_terminal\" aria-label=\"KasComp_terminal\" class=\"img-responsive wp-image-14377\"  \/><\/a><\/div><\/div><div style=\"padding:5px;\" class=\"fusion-grid-column fusion-gallery-column fusion-gallery-column-3 hover-type-none\"><div class=\"fusion-gallery-image\"><a href=\"https:\/\/clickpark.org\/wp-content\/uploads\/2022\/04\/KasComp_platebni_automar.jpg\" rel=\"noreferrer\" data-rel=\"iLightbox[gallery_image_1]\" class=\"fusion-lightbox\" target=\"_self\"><img decoding=\"async\" src=\"https:\/\/clickpark.org\/wp-content\/uploads\/2022\/04\/KasComp_platebni_automar.jpg\" width=\"355\" height=\"142\" alt=\"\" title=\"KasComp_platebni_automar\" aria-label=\"KasComp_platebni_automar\" class=\"img-responsive wp-image-14373\"  \/><\/a><\/div><\/div><div class=\"clearfix\"><\/div><div style=\"padding:5px;\" class=\"fusion-grid-column fusion-gallery-column fusion-gallery-column-3 hover-type-none\"><div class=\"fusion-gallery-image\"><a href=\"https:\/\/clickpark.org\/wp-content\/uploads\/2022\/04\/KasComp_parkovisko1.jpg\" rel=\"noreferrer\" data-rel=\"iLightbox[gallery_image_1]\" class=\"fusion-lightbox\" target=\"_self\"><img decoding=\"async\" src=\"https:\/\/clickpark.org\/wp-content\/uploads\/2022\/04\/KasComp_parkovisko1.jpg\" width=\"355\" height=\"142\" alt=\"\" title=\"KasComp_parkovisko1\" aria-label=\"KasComp_parkovisko1\" class=\"img-responsive wp-image-14371\"  \/><\/a><\/div><\/div><div style=\"padding:5px;\" class=\"fusion-grid-column fusion-gallery-column fusion-gallery-column-3 hover-type-none\"><div class=\"fusion-gallery-image\"><a href=\"http:\/\/www.kascomp.sk\" rel=\"noreferrer\" data-rel=\"iLightbox[gallery_image_1]\" class=\"fusion-lightbox\" target=\"_self\"><img decoding=\"async\" src=\"https:\/\/clickpark.org\/wp-content\/uploads\/2022\/04\/KasComp_parkovisko_cezarena.jpg\" width=\"2000\" height=\"800\" alt=\"\" title=\"KasComp_parkovisko_cezarena\" aria-label=\"KasComp_parkovisko_cezarena\" class=\"img-responsive wp-image-14381\"  \/><\/a><\/div><\/div><\/div><\/div><\/div><\/div><\/div><\/div>\n","protected":false},"excerpt":{"rendered":"","protected":false},"author":1,"featured_media":0,"parent":0,"menu_order":0,"comment_status":"closed","ping_status":"closed","template":"","meta":{"footnotes":""},"class_list":["post-14366","page","type-page","status-publish","hentry"],"_links":{"self":[{"href":"https:\/\/clickpark.org\/index.php?rest_route=\/wp\/v2\/pages\/14366","targetHints":{"allow":["GET"]}}],"collection":[{"href":"https:\/\/clickpark.org\/index.php?rest_route=\/wp\/v2\/pages"}],"about":[{"href":"https:\/\/clickpark.org\/index.php?rest_route=\/wp\/v2\/types\/page"}],"author":[{"embeddable":true,"href":"https:\/\/clickpark.org\/index.php?rest_route=\/wp\/v2\/users\/1"}],"replies":[{"embeddable":true,"href":"https:\/\/clickpark.org\/index.php?rest_route=%2Fwp%2Fv2%2Fcomments&post=14366"}],"version-history":[{"count":7,"href":"https:\/\/clickpark.org\/index.php?rest_route=\/wp\/v2\/pages\/14366\/revisions"}],"predecessor-version":[{"id":14519,"href":"https:\/\/clickpark.org\/index.php?rest_route=\/wp\/v2\/pages\/14366\/revisions\/14519"}],"wp:attachment":[{"href":"https:\/\/clickpark.org\/index.php?rest_route=%2Fwp%2Fv2%2Fmedia&parent=14366"}],"curies":[{"name":"wp","href":"https:\/\/api.w.org\/{rel}","templated":true}]}}